{"id":460,"date":"2026-01-13T21:05:17","date_gmt":"2026-01-13T21:05:17","guid":{"rendered":"https:\/\/indigo-swallow-881757.hostingersite.com\/?page_id=460"},"modified":"2026-01-19T21:06:17","modified_gmt":"2026-01-19T21:06:17","slug":"paiment","status":"publish","type":"page","link":"https:\/\/utopiahaiti.com\/?page_id=460","title":{"rendered":"Paiment"},"content":{"rendered":"\n<div class=\"wp-block-uagb-container uagb-block-50e056a8 alignfull uagb-is-root-container\"><div class=\"uagb-container-inner-blocks-wrap\">\n<p><\/p>\n<\/div><\/div>\n\n\n\n<div class=\"wp-block-columns is-layout-flex wp-container-core-columns-is-layout-28f84493 wp-block-columns-is-layout-flex\">\n<div class=\"wp-block-column is-layout-flow wp-block-column-is-layout-flow\"><div class=\"jet-fb-form-block\" data-is-block=\"jet-forms\/form-block\"><link rel=\"preconnect\" href=\"https:\/\/fonts.gstatic.com\"><style id=\"jet-form-builder-563-inline-css\">.jet-sm-gb-89764485-fda2-404f-bec3-936d436c12db .jet-form-builder__desc.jet-form-builder__desc.jet-form-builder__desc{background-color: ;} .jet-sm-gb-7db56912-b16a-4d82-b87a-04bed77a6604 .jet-form-builder__desc.jet-form-builder__desc.jet-form-builder__desc{background-color: ;} .jet-sm-gb-0d363145-591b-4a6e-9244-74af42625c3e .jet-form-builder__desc{background-color: ;} .jet-sm-gb-9b6eb191-8a7c-4a6c-b033-f53d06fe1202 .jet-form-builder__action-button:hover:not(:disabled){background-color: ;} .jet-sm-gb-8dc29bef-f961-4690-b86a-2e5cf5783916 .jet-form-builder__desc.jet-form-builder__desc.jet-form-builder__desc{background-color: ;} .jet-sm-gb-e43e150e-1585-46bd-8eb6-cc5527a6167c .jet-form-builder__desc.jet-form-builder__desc.jet-form-builder__desc{background-color: ;} .jet-sm-gb-dd5c40ce-d86d-47af-80f0-c1f22fa4368e .jet-form-builder__desc.jet-form-builder__desc.jet-form-builder__desc{background-color: ;} .jet-sm-gb-b81d0a60-d600-4e2d-9d4b-9324bc076468 .jet-form-builder__desc.jet-form-builder__desc.jet-form-builder__desc{background-color: ;} <\/style><form  class=\"jet-form-builder layout-column submit-type-reload\" action=\"https:\/\/utopiahaiti.com\/?h4iN99=4zd3I78gSR77&amp;method=reload\" method=\"POST\" data-form-id=\"563\" data-layout=\"column\" enctype=\"multipart\/form-data\" data-clear=\"1\" novalidate=\"null\" ssr_validation_method=\"rest\"><input type=\"hidden\" id=\"_wpnonce\" name=\"_wpnonce\" value=\"0f2109712c\" \/><input type=\"hidden\" name=\"_wp_http_referer\" value=\"\/index.php?rest_route=%2Fwp%2Fv2%2Fpages%2F460\" \/>\r\n<input type=\"hidden\" name=\"_jfb_current_render_states[]\" value=\"DEFAULT.STATE\" data-jfb-sync \/><input type=\"hidden\" class=\"jet-form-builder__field hidden-field\" name=\"_jet_engine_booking_form_id\" data-field-name=\"_jet_engine_booking_form_id\" value=\"563\">\n<input type=\"hidden\" class=\"jet-form-builder__field hidden-field\" name=\"_jet_engine_refer\" data-field-name=\"_jet_engine_refer\" value=\"https:\/\/utopiahaiti.com\/?rest_route=%2Fwp%2Fv2%2Fpages%2F460\">\n<input type=\"hidden\" class=\"jet-form-builder__field hidden-field\" name=\"__queried_post_id\" data-field-name=\"__queried_post_id\" value=\"460\">\n<style>\n\/* ===============================<br \/>\n   INPUTS TEXTE (Nom, Pr\u00e9nom, Email, T\u00e9l\u00e9phone)<br \/>\n================================ *\/<br \/>\n.jet-form-builder input[type=\"text\"],<br \/>\n.jet-form-builder input[type=\"email\"],<br \/>\n.jet-form-builder input[type=\"tel\"],<br \/>\n.jet-form-builder select {<br \/>\n  background: white;<br \/>\n  color: black;<br \/>\n  border: 1px solid #333;<br \/>\n  border-radius: 12px;<br \/>\n  padding: 12px 14px;<br \/>\n  font-size: 15px;<br \/>\n}<\/p>\n<p>\/* Placeholder *\/<br \/>\n.jet-form-builder input::placeholder {<br \/>\n  color: #777;<br \/>\n}<\/p>\n<p>\/* Focus *\/<br \/>\n.jet-form-builder input:focus,<br \/>\n.jet-form-builder select:focus {<br \/>\n  outline: none;<br \/>\n  border-color: #fff;<br \/>\n}<\/p>\n<p>\/* ===============================<br \/>\n   FILE INPUT (preuve)<br \/>\n================================ *\/<br \/>\n.jet-form-builder input[type=\"file\"] {<br \/>\n  background: #000;<br \/>\n  color: #fff;<br \/>\n  border: 1px dashed #444;<br \/>\n  border-radius: 12px;<br \/>\n  padding: 14px;<br \/>\n}<\/p>\n<p>\/* ===============================<br \/>\n   SUBMIT BUTTON<br \/>\n================================ *\/<br \/>\n.jet-form-builder button,<br \/>\n.jet-form-builder input[type=\"submit\"] {<br \/>\n  background: white;<br \/>\n  color: black;<br \/>\n  border-radius: 14px;<br \/>\n  padding: 14px;<br \/>\n  font-size: 16px;<br \/>\n  font-weight: 700;<br \/>\n  border: none;<br \/>\n  cursor: pointer;<br \/>\n  transition: background 0.2s ease, transform 0.2s ease;<br \/>\n}<\/p>\n<p>.jet-form-builder button:hover,<br \/>\n.jet-form-builder input[type=\"submit\"]:hover {<br \/>\n  background: #e5e5e5;<br \/>\n  transform: translateY(-1px);<br \/>\n}<\/p>\n<\/style>\n\n<div class=\" jet-sm-gb-wrapper jet-sm-gb-7db56912-b16a-4d82-b87a-04bed77a6604\" data-block-id=\"jet-sm-gb-7db56912-b16a-4d82-b87a-04bed77a6604\" ><div  class=\"jet-form-builder-row field-type-text-field\" >\n<div class=\"jet-form-builder__label\">\r\n<div class=\"jet-form-builder__label-text\">Nom: <span class=\"jet-form-builder__required\">*<\/span><\/div><\/div><div class=\"jet-form-builder__field-wrap\">\n\t\t\t\t<input required=\"required\" name=\"nom\" id=\"nom\" type=\"text\" data-field-name=\"nom\" class=\"jet-form-builder__field text-field\" data-jfb-sync=\"null\" autocomplete=\"off_ufVqRO6c\">\n\t\t\t\t\t<\/div>\n<\/div><\/div>\n\n<div class=\" jet-sm-gb-wrapper jet-sm-gb-e43e150e-1585-46bd-8eb6-cc5527a6167c\" data-block-id=\"jet-sm-gb-e43e150e-1585-46bd-8eb6-cc5527a6167c\" ><div  class=\"jet-form-builder-row field-type-text-field\" >\n<div class=\"jet-form-builder__label\">\r\n<div class=\"jet-form-builder__label-text\">Prenom: <span class=\"jet-form-builder__required\">*<\/span><\/div><\/div><div class=\"jet-form-builder__field-wrap\">\n\t\t\t\t<input required=\"required\" name=\"prenom\" id=\"prenom\" type=\"text\" data-field-name=\"prenom\" class=\"jet-form-builder__field text-field\" data-jfb-sync=\"null\" autocomplete=\"off_bvYsOCyP\">\n\t\t\t\t\t<\/div>\n<\/div><\/div>\n\n<div class=\" jet-sm-gb-wrapper jet-sm-gb-dd5c40ce-d86d-47af-80f0-c1f22fa4368e\" data-block-id=\"jet-sm-gb-dd5c40ce-d86d-47af-80f0-c1f22fa4368e\" ><div  class=\"jet-form-builder-row field-type-text-field\" >\n<div class=\"jet-form-builder__label\">\r\n<div class=\"jet-form-builder__label-text\">Email: <span class=\"jet-form-builder__required\">*<\/span><\/div><\/div><div class=\"jet-form-builder__field-wrap\">\n\t\t\t\t<input required=\"required\" name=\"email\" id=\"email\" type=\"email\" data-field-name=\"email\" class=\"jet-form-builder__field text-field\" data-jfb-sync=\"null\" autocomplete=\"off_uU6mxTv8\">\n\t\t\t\t\t<\/div>\n<\/div><\/div>\n\n<div class=\" jet-sm-gb-wrapper jet-sm-gb-8dc29bef-f961-4690-b86a-2e5cf5783916\" data-block-id=\"jet-sm-gb-8dc29bef-f961-4690-b86a-2e5cf5783916\" ><div  class=\"jet-form-builder-row field-type-text-field\" >\n<div class=\"jet-form-builder__label\">\r\n<div class=\"jet-form-builder__label-text\">Telephone: <span class=\"jet-form-builder__required\">*<\/span><\/div><\/div><div class=\"jet-form-builder__field-wrap\">\n\t\t\t\t<input required=\"required\" name=\"telephone\" id=\"telephone\" type=\"tel\" data-field-name=\"telephone\" class=\"jet-form-builder__field text-field\" data-jfb-sync=\"null\" autocomplete=\"off_uEq3x7Dd\">\n\t\t\t\t\t<\/div>\n<\/div><\/div>\n\n<div class=\" jet-sm-gb-wrapper jet-sm-gb-89764485-fda2-404f-bec3-936d436c12db\" data-block-id=\"jet-sm-gb-89764485-fda2-404f-bec3-936d436c12db\" ><div  class=\"jet-form-builder-row field-type-select-field wp-block-jet-forms-select-field\">\n<div class=\"jet-form-builder__label\">\r\n<div class=\"jet-form-builder__label-text\">Select option: <span class=\"jet-form-builder__required\">*<\/span><\/div><\/div><div class=\"jet-form-builder__field-wrap\">\n\t<select class=\"jet-form-builder__field select-field\" required=\"required\" name=\"payment\" data-field-name=\"payment\" id=\"payment\" data-jfb-sync=\"null\" data-default-val=\"-\">\n\t\t<option value=\"-\" selected=\"selected\">-<\/option><option value=\"moncash\" >Moncash<\/option><option value=\"natcash\" >Natcash<\/option>\t<\/select>\n<\/div>\n<\/div><\/div>\n\n\n<div class=\"wp-block-uagb-container uagb-block-879b0b3c alignfull uagb-is-root-container\"><div class=\"uagb-container-inner-blocks-wrap\"><\/div><\/div>\n\n\n<div class=\" jet-sm-gb-wrapper jet-sm-gb-0d363145-591b-4a6e-9244-74af42625c3e\" data-block-id=\"jet-sm-gb-0d363145-591b-4a6e-9244-74af42625c3e\" ><div class=\"jet-form-builder__conditional \" data-jfb-conditional=\"[{&quot;operator&quot;:&quot;equal&quot;,&quot;value&quot;:&quot;moncash&quot;,&quot;field&quot;:&quot;payment&quot;,&quot;use_preset&quot;:false}]\" data-jfb-func=\"show\">\n\n<p><\/p>\n\n\n\n<div class=\"wp-block-uagb-container uagb-block-27000b45 alignfull uagb-is-root-container\"><div class=\"uagb-container-inner-blocks-wrap\">\n<div class=\"wp-block-media-text has-media-on-the-right is-stacked-on-mobile\"><div class=\"wp-block-media-text__content\">\n<p class=\"has-text-align-center has-ast-global-color-0-color has-ast-global-color-2-background-color has-text-color has-background has-link-color\">Nom :Nat***** Jer****   <\/br>                                            Mon cash :+509 3479 8369<\/p>\n<\/div><figure class=\"wp-block-media-text__media\"><img loading=\"lazy\" decoding=\"async\" width=\"576\" height=\"1024\" src=\"https:\/\/utopiahaiti.com\/wp-content\/uploads\/2026\/01\/Moncash-payment-Qr-1-576x1024.jpg\" alt=\"Moncash Payment Qr 1 576x1024\" class=\"wp-image-582 size-full\" title=\"Paiment\" srcset=\"https:\/\/utopiahaiti.com\/wp-content\/uploads\/2026\/01\/Moncash-payment-Qr-1-576x1024.jpg 576w, https:\/\/utopiahaiti.com\/wp-content\/uploads\/2026\/01\/Moncash-payment-Qr-1-169x300.jpg 169w, https:\/\/utopiahaiti.com\/wp-content\/uploads\/2026\/01\/Moncash-payment-Qr-1-768x1365.jpg 768w, https:\/\/utopiahaiti.com\/wp-content\/uploads\/2026\/01\/Moncash-payment-Qr-1-864x1536.jpg 864w, https:\/\/utopiahaiti.com\/wp-content\/uploads\/2026\/01\/Moncash-payment-Qr-1-600x1067.jpg 600w, https:\/\/utopiahaiti.com\/wp-content\/uploads\/2026\/01\/Moncash-payment-Qr-1.jpg 1080w\" sizes=\"auto, (max-width: 576px) 100vw, 576px\" \/><\/figure><\/div>\n<\/div><\/div>\n\n<\/div><\/div>\n\n<div class=\" jet-sm-gb-wrapper jet-sm-gb-0d363145-591b-4a6e-9244-74af42625c3e\" data-block-id=\"jet-sm-gb-0d363145-591b-4a6e-9244-74af42625c3e\" ><div class=\"jet-form-builder__conditional \" data-jfb-conditional=\"[{&quot;operator&quot;:&quot;equal&quot;,&quot;value&quot;:&quot;natcash&quot;,&quot;field&quot;:&quot;payment&quot;,&quot;use_preset&quot;:false}]\" data-jfb-func=\"show\">\n\n<p><\/p>\n\n\n\n<div class=\"wp-block-uagb-container uagb-block-5287674f alignfull uagb-is-root-container\"><div class=\"uagb-container-inner-blocks-wrap\">\n<div class=\"wp-block-media-text has-media-on-the-right is-stacked-on-mobile\"><div class=\"wp-block-media-text__content\">\n<p class=\"has-text-align-center has-ast-global-color-0-color has-ast-global-color-2-background-color has-text-color has-background has-link-color wp-elements-ee33c46cec292212144b5751453a656c\">Nom :Ha*** Fra*** <\/br>Natcash+509 3555 6196<\/p>\n<\/div><figure class=\"wp-block-media-text__media\"><img loading=\"lazy\" decoding=\"async\" width=\"576\" height=\"1024\" src=\"https:\/\/utopiahaiti.com\/wp-content\/uploads\/2026\/01\/Natcash-payment-Qr-3-576x1024.jpg\" alt=\"Natcash Payment Qr 3 576x1024\" class=\"wp-image-583 size-full\" title=\"Paiment\" srcset=\"https:\/\/utopiahaiti.com\/wp-content\/uploads\/2026\/01\/Natcash-payment-Qr-3-576x1024.jpg 576w, https:\/\/utopiahaiti.com\/wp-content\/uploads\/2026\/01\/Natcash-payment-Qr-3-169x300.jpg 169w, https:\/\/utopiahaiti.com\/wp-content\/uploads\/2026\/01\/Natcash-payment-Qr-3-768x1365.jpg 768w, https:\/\/utopiahaiti.com\/wp-content\/uploads\/2026\/01\/Natcash-payment-Qr-3-864x1536.jpg 864w, https:\/\/utopiahaiti.com\/wp-content\/uploads\/2026\/01\/Natcash-payment-Qr-3-600x1067.jpg 600w, https:\/\/utopiahaiti.com\/wp-content\/uploads\/2026\/01\/Natcash-payment-Qr-3.jpg 1080w\" sizes=\"auto, (max-width: 576px) 100vw, 576px\" \/><\/figure><\/div>\n<\/div><\/div>\n\n<\/div><\/div>\n\n<div class=\" jet-sm-gb-wrapper jet-sm-gb-b81d0a60-d600-4e2d-9d4b-9324bc076468\" data-block-id=\"jet-sm-gb-b81d0a60-d600-4e2d-9d4b-9324bc076468\" ><div  class=\"jet-form-builder-row field-type-media-field\" >\n<template class=\"jet-form-builder__preview-template\"><div class=\"jet-form-builder-file-upload__file\" data-file=\"%file_url%\">\n\t<!-- preview -->\n\t<!-- field -->\n\t<div class=\"jet-form-builder-file-upload__file-remove\" data-file-name=\"%file_name%\">\n\t\t<svg width=\"22\" height=\"22\" viewBox=\"0 0 14 15\" fill=\"none\" xmlns=\"http:\/\/www.w3.org\/2000\/svg\">\n\t\t\t<path d=\"M4.375 7H6.125V12.25H4.375V7ZM7.875 7H9.625V12.25H7.875V7ZM10.5 1.75C10.5 1.51302 10.4134 1.30794 10.2402 1.13477C10.0762 0.961589 9.87109 0.875 9.625 0.875H4.375C4.12891 0.875 3.91927 0.961589 3.74609 1.13477C3.58203 1.30794 3.5 1.51302 3.5 1.75V3.5H0V5.25H0.875V14C0.875 14.237 0.957031 14.4421 1.12109 14.6152C1.29427 14.7884 1.50391 14.875 1.75 14.875H12.25C12.4961 14.875 12.7012 14.7884 12.8652 14.6152C13.0384 14.4421 13.125 14.237 13.125 14V5.25H14V3.5H10.5V1.75ZM5.25 2.625H8.75V3.5H5.25V2.625ZM11.375 5.25V13.125H2.625V5.25H11.375Z\"><\/path>\n\t\t<\/svg>\n\t<\/div>\n\t<span\n\t\t\tclass=\"jet-form-builder-file-upload__file-invalid-marker\"\n\t\t\tstyle=\"display: none\">\n\t\t<svg xmlns=\"http:\/\/www.w3.org\/2000\/svg\" viewBox=\"0 0 20 20\" fill=\"currentcolor\" width=\"24\" height=\"24\" aria-hidden=\"true\" focusable=\"false\"><path d=\"M10 2c4.42 0 8 3.58 8 8s-3.58 8-8 8-8-3.58-8-8 3.58-8 8-8zm1.13 9.38l.35-6.46H8.52l.35 6.46h2.26zm-.09 3.36c.24-.23.37-.55.37-.96 0-.42-.12-.74-.36-.97s-.59-.35-1.06-.35-.82.12-1.07.35-.37.55-.37.97c0 .41.13.73.38.96.26.23.61.34 1.06.34s.8-.11 1.05-.34z\"><\/path><\/svg>\n\t<\/span>\n\t<!-- footer -->\n<\/div>\n<\/template><div class=\"jet-form-builder__label\">\r\n<div class=\"jet-form-builder__label-text\">choisir un fichier <span class=\"jet-form-builder__required\">*<\/span><\/div><\/div><div class=\"jet-form-builder__field-wrap jet-form-builder-file-upload\">\n\t\t<div class=\"jet-form-builder-file-upload__content\">\n\t\t<div class=\"jet-form-builder-file-upload__loader\"><svg xmlns=\"http:\/\/www.w3.org\/2000\/svg\" width=\"38\" height=\"38\" viewBox=\"0 0 38 38\" stroke=\"#fff\"><g fill=\"none\" fill-rule=\"evenodd\"><g transform=\"translate(1 1)\" stroke-width=\"2\"><circle stroke-opacity=\".5\" cx=\"18\" cy=\"18\" r=\"18\"\/><path d=\"M36 18c0-9.94-8.06-18-18-18\" transform=\"rotate(137.826 18 18)\"><animateTransform attributeName=\"transform\" type=\"rotate\" from=\"0 18 18\" to=\"360 18 18\" dur=\"1s\" repeatCount=\"indefinite\"\/><\/path><\/g><\/g><\/svg><\/div>\t\t<div class=\"jet-form-builder-file-upload__files\" data-args=\"{&quot;max_files&quot;:1,&quot;max_size&quot;:1073741824}\">\n\t\t\t\t\t<\/div>\n\t<\/div>\n\t<div class=\"jet-form-builder-file-upload__fields\">\n\t\t<input class=\"jet-form-builder__field file-field jet-form-builder-file-upload__input\" name=\"Preuve\" data-field-name=\"Preuve\" type=\"file\" data-form_id=\"563\" id=\"Preuve\" required=\"required\" data-jfb-sync=\"null\" data-max_size=\"1073741824\">\n\t<\/div>\n\t<div class=\"jet-form-builder-file-upload__message\"><small>Taille maximale du fichier : 1 Go<\/small><\/div>\n\t<div class=\"jet-form-builder-file-upload__errors is-hidden\"><\/div>\n\t<\/div>\n<\/div><\/div>\n\n<div class=\" jet-sm-gb-wrapper jet-sm-gb-9b6eb191-8a7c-4a6c-b033-f53d06fe1202\" data-block-id=\"jet-sm-gb-9b6eb191-8a7c-4a6c-b033-f53d06fe1202\" ><div  class=\"jet-form-builder-row field-type-submit-field\" >\n\t<div data-type=\"submit\" class=\"jet-form-builder__action-button-wrapper jet-form-builder__submit-wrap\">\n\t<button class=\"jet-form-builder__action-button jet-form-builder__submit submit-type-reload\" type=\"submit\">Soumettre<\/button>\n\t<\/div>\n\t\n<\/div><\/div>\t<div class=\"jet-form-builder-messages-wrap\" data-form-id=\"563\"><\/div>\n<\/form>\n<\/div>\n<\/div>\n<\/div>\n","protected":false},"excerpt":{"rendered":"","protected":false},"author":1,"featured_media":0,"parent":0,"menu_order":0,"comment_status":"closed","ping_status":"closed","template":"","meta":{"_uag_custom_page_level_css":"","site-sidebar-layout":"default","site-content-layout":"","ast-site-content-layout":"normal-width-container","site-content-style":"default","site-sidebar-style":"default","ast-global-header-display":"","ast-banner-title-visibility":"","ast-main-header-display":"","ast-hfb-above-header-display":"","ast-hfb-below-header-display":"","ast-hfb-mobile-header-display":"","site-post-title":"disabled","ast-breadcrumbs-content":"","ast-featured-img":"","footer-sml-layout":"","ast-disable-related-posts":"","theme-transparent-header-meta":"default","adv-header-id-meta":"","stick-header-meta":"","header-above-stick-meta":"","header-main-stick-meta":"","header-below-stick-meta":"","astra-migrate-meta-layouts":"default","ast-page-background-enabled":"default","ast-page-background-meta":{"desktop":{"background-color":"var(--ast-global-color-4)","background-image":"","background-repeat":"repeat","background-position":"center center","background-size":"auto","background-attachment":"scroll","background-type":"","background-media":"","overlay-type":"","overlay-color":"","overlay-opacity":"","overlay-gradient":""},"tablet":{"background-color":"","background-image":"","background-repeat":"repeat","background-position":"center center","background-size":"auto","background-attachment":"scroll","background-type":"","background-media":"","overlay-type":"","overlay-color":"","overlay-opacity":"","overlay-gradient":""},"mobile":{"background-color":"","background-image":"","background-repeat":"repeat","background-position":"center center","background-size":"auto","background-attachment":"scroll","background-type":"","background-media":"","overlay-type":"","overlay-color":"","overlay-opacity":"","overlay-gradient":""}},"ast-content-background-meta":{"desktop":{"background-color":"var(--ast-global-color-5)","background-image":"","background-repeat":"repeat","background-position":"center center","background-size":"auto","background-attachment":"scroll","background-type":"","background-media":"","overlay-type":"","overlay-color":"","overlay-opacity":"","overlay-gradient":""},"tablet":{"background-color":"var(--ast-global-color-5)","background-image":"","background-repeat":"repeat","background-position":"center center","background-size":"auto","background-attachment":"scroll","background-type":"","background-media":"","overlay-type":"","overlay-color":"","overlay-opacity":"","overlay-gradient":""},"mobile":{"background-color":"var(--ast-global-color-5)","background-image":"","background-repeat":"repeat","background-position":"center center","background-size":"auto","background-attachment":"scroll","background-type":"","background-media":"","overlay-type":"","overlay-color":"","overlay-opacity":"","overlay-gradient":""}},"_jet_sm_ready_style":"","_jet_sm_style":"","_jet_sm_controls_values":"","_jet_sm_fonts_collection":"","_jet_sm_fonts_links":"","footnotes":""},"class_list":["post-460","page","type-page","status-publish","hentry"],"_hostinger_reach_plugin_has_subscription_block":false,"_hostinger_reach_plugin_is_elementor":false,"uagb_featured_image_src":{"full":false,"thumbnail":false,"medium":false,"medium_large":false,"large":false,"1536x1536":false,"2048x2048":false},"uagb_author_info":{"display_name":"","author_link":"https:\/\/utopiahaiti.com\/?author=1"},"uagb_comment_info":0,"uagb_excerpt":null,"_links":{"self":[{"href":"https:\/\/utopiahaiti.com\/index.php?rest_route=\/wp\/v2\/pages\/460","targetHints":{"allow":["GET"]}}],"collection":[{"href":"https:\/\/utopiahaiti.com\/index.php?rest_route=\/wp\/v2\/pages"}],"about":[{"href":"https:\/\/utopiahaiti.com\/index.php?rest_route=\/wp\/v2\/types\/page"}],"author":[{"embeddable":true,"href":"https:\/\/utopiahaiti.com\/index.php?rest_route=\/wp\/v2\/users\/1"}],"replies":[{"embeddable":true,"href":"https:\/\/utopiahaiti.com\/index.php?rest_route=%2Fwp%2Fv2%2Fcomments&post=460"}],"version-history":[{"count":13,"href":"https:\/\/utopiahaiti.com\/index.php?rest_route=\/wp\/v2\/pages\/460\/revisions"}],"predecessor-version":[{"id":607,"href":"https:\/\/utopiahaiti.com\/index.php?rest_route=\/wp\/v2\/pages\/460\/revisions\/607"}],"wp:attachment":[{"href":"https:\/\/utopiahaiti.com\/index.php?rest_route=%2Fwp%2Fv2%2Fmedia&parent=460"}],"curies":[{"name":"wp","href":"https:\/\/api.w.org\/{rel}","templated":true}]}}