{"id":207,"date":"2025-12-08T06:15:36","date_gmt":"2025-12-08T06:15:36","guid":{"rendered":"http:\/\/utopia.local\/services\/"},"modified":"2026-01-16T16:25:25","modified_gmt":"2026-01-16T16:25:25","slug":"services","status":"publish","type":"page","link":"https:\/\/utopiahaiti.com\/?page_id=207","title":{"rendered":"Services"},"content":{"rendered":"\n<div class=\"wp-block-uagb-container uagb-block-6d4e3205 alignfull uagb-is-root-container\"><div class=\"uagb-container-inner-blocks-wrap\"><\/div><\/div>\n\n\n\n<div class=\"wp-block-uagb-container uagb-block-08bdc66b alignfull uagb-is-root-container\"><div class=\"uagb-container-inner-blocks-wrap\">\n<h2 class=\"wp-block-heading has-text-align-center\">Nos services<\/h2>\n\n\n\n<div class=\"wp-block-uagb-container uagb-layout-grid uagb-block-5c68a50a\">\n<div class=\"wp-block-uagb-image uagb-block-53f5dea3 wp-block-uagb-image--layout-default wp-block-uagb-image--effect-static wp-block-uagb-image--align-none\"><figure class=\"wp-block-uagb-image__figure\"><img decoding=\"async\" srcset=\"https:\/\/utopiahaiti.com\/wp-content\/uploads\/2026\/01\/pexels-roman-odintsov-5912280-1024x683.jpg ,https:\/\/utopiahaiti.com\/wp-content\/uploads\/2026\/01\/pexels-roman-odintsov-5912280-scaled.jpg 780w, https:\/\/utopiahaiti.com\/wp-content\/uploads\/2026\/01\/pexels-roman-odintsov-5912280-scaled.jpg 360w\" sizes=\"auto, (max-width: 480px) 150px\" src=\"https:\/\/utopiahaiti.com\/wp-content\/uploads\/2026\/01\/pexels-roman-odintsov-5912280-1024x683.jpg\" alt=\"Pexels Roman Odintsov 5912280 1024x683\" class=\"uag-image-614\" width=\"420\" height=\"410\" title=\"pexels-roman-odintsov-5912280\" loading=\"lazy\" role=\"img\"><\/figure><\/div>\n\n\n\n<div class=\"wp-block-uagb-container uagb-block-778f7e32\">\n<div class=\"wp-block-uagb-info-box uagb-block-f0b253e0 uagb-infobox__content-wrap  uagb-infobox-icon-above-title uagb-infobox-image-valign-top\"><div class=\"uagb-ifb-content\"><div class=\"uagb-ifb-title-wrap\"><span class=\"uagb-ifb-title-prefix\">01.<\/span><div class=\"uagb-ifb-separator\"><\/div><h3 class=\"uagb-ifb-title\">Online Courses<\/h3><\/div><p class=\"uagb-ifb-desc\"><strong>Formations 100% en ligne<\/strong><br>Programmes structur\u00e9s (th\u00e9orie \u2192 pratique \u2192 business). Vid\u00e9os, fiches, exercices, acc\u00e8s<br>illimit\u00e9<\/p><div class=\"uagb-ifb-button-wrapper wp-block-button\"><a href=\"services\/\" target=\"_self\" onclick=\"return true;\" class=\"uagb-infobox-cta-link\" rel=\"noopener noreferrer\"><span class=\"uagb-inline-editing\">Lire la Suite<\/span><\/a><\/div><\/div><\/div>\n<\/div>\n<\/div>\n\n\n\n<div class=\"wp-block-uagb-container uagb-layout-grid uagb-block-5173f02e\">\n<div class=\"wp-block-uagb-image uagb-block-58cb4156 wp-block-uagb-image--layout-default wp-block-uagb-image--effect-static wp-block-uagb-image--align-none\"><figure class=\"wp-block-uagb-image__figure\"><img decoding=\"async\" srcset=\"https:\/\/utopiahaiti.com\/wp-content\/uploads\/2025\/12\/DSC00558-1024x576.jpg ,https:\/\/utopiahaiti.com\/wp-content\/uploads\/2025\/12\/DSC00558-scaled.jpg 780w, https:\/\/utopiahaiti.com\/wp-content\/uploads\/2025\/12\/DSC00558-scaled.jpg 360w\" sizes=\"auto, (max-width: 480px) 150px\" src=\"https:\/\/utopiahaiti.com\/wp-content\/uploads\/2025\/12\/DSC00558-1024x576.jpg\" alt=\"DSC00558 1024x576\" class=\"uag-image-346\" width=\"420\" height=\"410\" title=\"DSC00558\" loading=\"lazy\" role=\"img\"><\/figure><\/div>\n\n\n\n<div class=\"wp-block-uagb-container uagb-block-0f106bea\">\n<div class=\"wp-block-uagb-info-box uagb-block-872b1c27 uagb-infobox__content-wrap  uagb-infobox-icon-above-title uagb-infobox-image-valign-top\"><div class=\"uagb-ifb-content\"><div class=\"uagb-ifb-title-wrap\"><span class=\"uagb-ifb-title-prefix\">02.<\/span><div class=\"uagb-ifb-separator\"><\/div><h3 class=\"uagb-ifb-title\">Documentary Film Production<\/h3><\/div><p class=\"uagb-ifb-desc\"><strong>Production documentaire<\/strong><br>R\u00e9alisation de documentaires et films institutionnels \u2014 de la pr\u00e9-prod au montage final.<br>Approche immersive et storytelling fort.<\/p><div class=\"uagb-ifb-button-wrapper wp-block-button\"><a href=\"services\/\" target=\"_self\" onclick=\"return true;\" class=\"uagb-infobox-cta-link\" rel=\"noopener noreferrer\"><span class=\"uagb-inline-editing\">Lire la Suite<\/span><\/a><\/div><\/div><\/div>\n<\/div>\n<\/div>\n\n\n\n<div class=\"wp-block-uagb-container uagb-layout-grid uagb-block-6d729892\">\n<div class=\"wp-block-uagb-image uagb-block-107767f8 wp-block-uagb-image--layout-default wp-block-uagb-image--effect-static wp-block-uagb-image--align-none\"><figure class=\"wp-block-uagb-image__figure\"><img decoding=\"async\" srcset=\"https:\/\/utopiahaiti.com\/wp-content\/uploads\/2025\/12\/IMG_0052-1-683x1024.jpg ,https:\/\/utopiahaiti.com\/wp-content\/uploads\/2025\/12\/IMG_0052-1-scaled.jpg 780w, https:\/\/utopiahaiti.com\/wp-content\/uploads\/2025\/12\/IMG_0052-1-scaled.jpg 360w\" sizes=\"auto, (max-width: 480px) 150px\" src=\"https:\/\/utopiahaiti.com\/wp-content\/uploads\/2025\/12\/IMG_0052-1-683x1024.jpg\" alt=\"Drone\" class=\"uag-image-296\" width=\"750\" height=\"410\" title=\"img 0052 (1)\" loading=\"lazy\" role=\"img\"\/><\/figure><\/div>\n\n\n\n<div class=\"wp-block-uagb-container uagb-block-44fb29ae\">\n<div class=\"wp-block-uagb-info-box uagb-block-6a4682cb uagb-infobox__content-wrap  uagb-infobox-icon-above-title uagb-infobox-image-valign-top\"><div class=\"uagb-ifb-content\"><div class=\"uagb-ifb-title-wrap\"><span class=\"uagb-ifb-title-prefix\">03.<\/span><div class=\"uagb-ifb-separator\"><\/div><h3 class=\"uagb-ifb-title\">Drone Services<\/h3><\/div><p class=\"uagb-ifb-desc\"><strong>Captation Drone<\/strong><br> Images a\u00e9riennes cin\u00e9matiques pour films, \u00e9v\u00e9nements, immobilier et tourisme.<br>Op\u00e9rateur certifi\u00e9, prise en charge compl\u00e8te.<\/p><div class=\"uagb-ifb-button-wrapper wp-block-button\"><a href=\"services\/\" target=\"_self\" onclick=\"return true;\" class=\"uagb-infobox-cta-link\" rel=\"noopener noreferrer\"><span class=\"uagb-inline-editing\">Lire la Suite<\/span><\/a><\/div><\/div><\/div>\n<\/div>\n<\/div>\n<\/div><\/div>\n\n\n\n<div class=\"wp-block-uagb-container uagb-layout-grid uagb-block-29a0aaa8 alignfull uagb-is-root-container\"><div class=\"uagb-container-inner-blocks-wrap\">\n<div class=\"wp-block-uagb-advanced-heading uagb-block-42bca5dd\"><div class=\"uagb-separator\"><\/div><h2 class=\"uagb-heading-text\">Ne manquez pas l&rsquo;opportunit\u00e9 d&rsquo;apprendre !<\/h2><\/div>\n\n\n\n<div class=\"wp-block-uagb-info-box uagb-block-620f6d21 uagb-infobox__content-wrap  uagb-infobox-icon-above-title uagb-infobox-image-valign-top\"><div class=\"uagb-ifb-content\"><div class=\"uagb-ifb-title-wrap\"><p class=\"uagb-ifb-title\">Inscrivez-vous d\u00e8s aujourd&rsquo;hui et commencez votre voyage cr\u00e9atif avec Utopia.<\/p><\/div><div class=\"uagb-ifb-button-wrapper wp-block-button\"><a href=\"https:\/\/utopiahaiti.com\/?page_id=367\" class=\"uagb-infobox-cta-link wp-block-button__link\" target=\"_self\" rel=\"noopener noreferrer\" onclick=\"return true;\"><span class=\"uagb-inline-editing\">Commencer maintenant<\/span><\/a><\/div><\/div><\/div>\n<\/div><\/div>\n\n\n\n<p><\/p>\n","protected":false},"excerpt":{"rendered":"<p>Nos services<\/p>\n","protected":false},"author":1,"featured_media":0,"parent":0,"menu_order":0,"comment_status":"closed","ping_status":"closed","template":"","meta":{"_uag_custom_page_level_css":"","site-sidebar-layout":"default","site-content-layout":"","ast-site-content-layout":"default","site-content-style":"default","site-sidebar-style":"default","ast-global-header-display":"","ast-banner-title-visibility":"","ast-main-header-display":"","ast-hfb-above-header-display":"","ast-hfb-below-header-display":"","ast-hfb-mobile-header-display":"","site-post-title":"disabled","ast-breadcrumbs-content":"","ast-featured-img":"","footer-sml-layout":"","ast-disable-related-posts":"","theme-transparent-header-meta":"enabled","adv-header-id-meta":"","stick-header-meta":"","header-above-stick-meta":"","header-main-stick-meta":"","header-below-stick-meta":"","astra-migrate-meta-layouts":"default","ast-page-background-enabled":"default","ast-page-background-meta":{"desktop":{"background-color":"var(--ast-global-color-4)","background-image":"","background-repeat":"repeat","background-position":"center center","background-size":"auto","background-attachment":"scroll","background-type":"","background-media":"","overlay-type":"","overlay-color":"","overlay-opacity":"","overlay-gradient":""},"tablet":{"background-color":"","background-image":"","background-repeat":"repeat","background-position":"center center","background-size":"auto","background-attachment":"scroll","background-type":"","background-media":"","overlay-type":"","overlay-color":"","overlay-opacity":"","overlay-gradient":""},"mobile":{"background-color":"","background-image":"","background-repeat":"repeat","background-position":"center center","background-size":"auto","background-attachment":"scroll","background-type":"","background-media":"","overlay-type":"","overlay-color":"","overlay-opacity":"","overlay-gradient":""}},"ast-content-background-meta":{"desktop":{"background-color":"var(--ast-global-color-5)","background-image":"","background-repeat":"repeat","background-position":"center center","background-size":"auto","background-attachment":"scroll","background-type":"","background-media":"","overlay-type":"","overlay-color":"","overlay-opacity":"","overlay-gradient":""},"tablet":{"background-color":"var(--ast-global-color-5)","background-image":"","background-repeat":"repeat","background-position":"center center","background-size":"auto","background-attachment":"scroll","background-type":"","background-media":"","overlay-type":"","overlay-color":"","overlay-opacity":"","overlay-gradient":""},"mobile":{"background-color":"var(--ast-global-color-5)","background-image":"","background-repeat":"repeat","background-position":"center center","background-size":"auto","background-attachment":"scroll","background-type":"","background-media":"","overlay-type":"","overlay-color":"","overlay-opacity":"","overlay-gradient":""}},"_jet_sm_ready_style":"","_jet_sm_style":"","_jet_sm_controls_values":"","_jet_sm_fonts_collection":"","_jet_sm_fonts_links":"","footnotes":""},"class_list":["post-207","page","type-page","status-publish","hentry"],"_hostinger_reach_plugin_has_subscription_block":false,"_hostinger_reach_plugin_is_elementor":false,"uagb_featured_image_src":{"full":false,"thumbnail":false,"medium":false,"medium_large":false,"large":false,"1536x1536":false,"2048x2048":false},"uagb_author_info":{"display_name":"","author_link":"https:\/\/utopiahaiti.com\/?author=1"},"uagb_comment_info":0,"uagb_excerpt":"Nos services","_links":{"self":[{"href":"https:\/\/utopiahaiti.com\/index.php?rest_route=\/wp\/v2\/pages\/207","targetHints":{"allow":["GET"]}}],"collection":[{"href":"https:\/\/utopiahaiti.com\/index.php?rest_route=\/wp\/v2\/pages"}],"about":[{"href":"https:\/\/utopiahaiti.com\/index.php?rest_route=\/wp\/v2\/types\/page"}],"author":[{"embeddable":true,"href":"https:\/\/utopiahaiti.com\/index.php?rest_route=\/wp\/v2\/users\/1"}],"replies":[{"embeddable":true,"href":"https:\/\/utopiahaiti.com\/index.php?rest_route=%2Fwp%2Fv2%2Fcomments&post=207"}],"version-history":[{"count":6,"href":"https:\/\/utopiahaiti.com\/index.php?rest_route=\/wp\/v2\/pages\/207\/revisions"}],"predecessor-version":[{"id":619,"href":"https:\/\/utopiahaiti.com\/index.php?rest_route=\/wp\/v2\/pages\/207\/revisions\/619"}],"wp:attachment":[{"href":"https:\/\/utopiahaiti.com\/index.php?rest_route=%2Fwp%2Fv2%2Fmedia&parent=207"}],"curies":[{"name":"wp","href":"https:\/\/api.w.org\/{rel}","templated":true}]}}