{"id":206,"date":"2025-12-08T06:15:36","date_gmt":"2025-12-08T06:15:36","guid":{"rendered":"http:\/\/utopia.local\/about\/"},"modified":"2026-01-17T15:01:40","modified_gmt":"2026-01-17T15:01:40","slug":"about","status":"publish","type":"page","link":"https:\/\/utopiahaiti.com\/?page_id=206","title":{"rendered":"About"},"content":{"rendered":"\n<div class=\"wp-block-uagb-container uagb-block-5fa86eb2 alignfull uagb-is-root-container\"><div class=\"uagb-container-inner-blocks-wrap\"><\/div><\/div>\n\n\n\n<h2 class=\"wp-block-heading has-text-align-center\">A propos<\/h2>\n\n\n\n<main class=\"wp-block-uagb-container uagb-block-6d4e3205 alignfull uagb-is-root-container\"><div class=\"uagb-container-inner-blocks-wrap\">\n<div class=\"wp-block-uagb-container uagb-layout-grid uagb-block-872fa012\">\n<div class=\"wp-block-uagb-advanced-heading uagb-block-76d9be4a\"><h3 class=\"uagb-heading-text\">Apprends. Pratique. Progresse. Deviens cin\u00e9aste.<\/h3><\/div>\n\n\n\n<div class=\"wp-block-uagb-container uagb-layout-flex uagb-block-9f20c438\">\n<div class=\"wp-block-uagb-advanced-heading uagb-block-6c26d2ee\"><p class=\"uagb-heading-text\">C\u2019est une formation claire, structur\u00e9e, pratico-pratique, pens\u00e9e pour ceux qui veulent<br>cr\u00e9er des<br>vid\u00e9os PRO \u2014 avec cam\u00e9ra ou t\u00e9l\u00e9phone.<\/p><\/div>\n\n\n\n<div class=\"wp-block-uagb-image uagb-block-3a4acf19 wp-block-uagb-image--layout-default wp-block-uagb-image--effect-static wp-block-uagb-image--align-none\"><figure class=\"wp-block-uagb-image__figure\"><img decoding=\"async\" srcset=\"https:\/\/utopiahaiti.com\/wp-content\/uploads\/2025\/12\/pexels-zxteoh-5415523-1-683x1024.jpg ,https:\/\/utopiahaiti.com\/wp-content\/uploads\/2025\/12\/pexels-zxteoh-5415523-1-scaled.jpg 780w, https:\/\/utopiahaiti.com\/wp-content\/uploads\/2025\/12\/pexels-zxteoh-5415523-1-scaled.jpg 360w\" sizes=\"auto, (max-width: 480px) 150px\" src=\"https:\/\/utopiahaiti.com\/wp-content\/uploads\/2025\/12\/pexels-zxteoh-5415523-1-683x1024.jpg\" alt=\"Pexels Zxteoh 5415523 1 683x1024\" class=\"uag-image-345\" width=\"650\" height=\"400\" title=\"pexels-zxteoh-5415523\" loading=\"lazy\" role=\"img\"><\/figure><\/div>\n\n\n\n<div class=\"wp-block-uagb-info-box uagb-block-b216a928 uagb-infobox__content-wrap  uagb-infobox-icon-above-title uagb-infobox-image-valign-top wp-block-uagb-info-box--has-margin\"><div class=\"uagb-infobox-margin-wrapper\"><div class=\"uagb-ifb-content\"><div class=\"uagb-ifb-title-wrap\"><\/div><p class=\"uagb-ifb-desc\">Nous allons propulser vos comp\u00e9tences de montage vid\u00e9o vers un tout autre niveau d&rsquo;excellence et de cr\u00e9ativit\u00e9.<\/p><div class=\"uagb-ifb-button-wrapper wp-block-button\"><a href=\"about\/\" class=\"uagb-infobox-cta-link ast-outline-button\" target=\"_self\" rel=\"noopener noreferrer\" style=\"border-width:revert-layer\" onclick=\"return true;\"><span class=\"uagb-inline-editing\">Lire la Suite<\/span><\/a><\/div><\/div><\/div><\/div>\n<\/div>\n<\/div>\n\n\n\n<div class=\"wp-block-uagb-advanced-heading uagb-block-257301db\"><p class=\"uagb-heading-text\">Nos r\u00e9alisations<\/p><div class=\"uagb-separator\"><\/div><\/div>\n\n\n\n<div class=\"wp-block-uagb-container uagb-layout-flex uagb-block-d836a3f7\">\n<div class=\"wp-block-uagb-info-box uagb-block-5fb96413 uagb-infobox__content-wrap  uagb-infobox-icon-above-title uagb-infobox-image-valign-top wp-block-uagb-info-box--has-margin\"><div class=\"uagb-infobox-margin-wrapper\"><div class=\"uagb-ifb-content\"><div class=\"uagb-ifb-title-wrap\"><h3 class=\"uagb-ifb-title-prefix\">9+<\/h3><h4 class=\"uagb-ifb-title\">Ann\u00e9es d&rsquo;Exp\u00e9rience<\/h4><\/div><\/div><\/div><\/div>\n\n\n\n<div class=\"wp-block-uagb-info-box uagb-block-81a43f00 uagb-infobox__content-wrap  uagb-infobox-icon-above-title uagb-infobox-image-valign-top wp-block-uagb-info-box--has-margin\"><div class=\"uagb-infobox-margin-wrapper\"><div class=\"uagb-ifb-content\"><div class=\"uagb-ifb-title-wrap\"><h3 class=\"uagb-ifb-title-prefix\">7+<\/h3><h4 class=\"uagb-ifb-title\">Membres de l&rsquo;\u00c9quipe<\/h4><\/div><\/div><\/div><\/div>\n\n\n\n<div class=\"wp-block-uagb-info-box uagb-block-7808e759 uagb-infobox__content-wrap  uagb-infobox-icon-above-title uagb-infobox-image-valign-top wp-block-uagb-info-box--has-margin\"><div class=\"uagb-infobox-margin-wrapper\"><div class=\"uagb-ifb-content\"><div class=\"uagb-ifb-title-wrap\"><h3 class=\"uagb-ifb-title-prefix\">98%<\/h3><h4 class=\"uagb-ifb-title\">Client Satisfait<\/h4><\/div><\/div><\/div><\/div>\n\n\n\n<div class=\"wp-block-uagb-info-box uagb-block-08175930 uagb-infobox__content-wrap  uagb-infobox-icon-above-title uagb-infobox-image-valign-top wp-block-uagb-info-box--has-margin\"><div class=\"uagb-infobox-margin-wrapper\"><div class=\"uagb-ifb-content\"><div class=\"uagb-ifb-title-wrap\"><h3 class=\"uagb-ifb-title-prefix\">10+<\/h3><h4 class=\"uagb-ifb-title\">Projets cin\u00e9matographiques r\u00e9alis\u00e9s<\/h4><\/div><\/div><\/div><\/div>\n<\/div>\n<\/div><\/main>\n\n\n\n<p><\/p>\n\n\n\n<p><\/p>\n\n\n\n<p><\/p>\n\n\n\n<div class=\"wp-block-uagb-container uagb-layout-grid uagb-block-29a0aaa8 alignfull uagb-is-root-container\"><div class=\"uagb-container-inner-blocks-wrap\">\n<div class=\"wp-block-uagb-advanced-heading uagb-block-42bca5dd\"><div class=\"uagb-separator\"><\/div><h2 class=\"uagb-heading-text\">Ne manquez pas l&rsquo;opportunit\u00e9 d&rsquo;apprendre !<\/h2><\/div>\n\n\n\n<div class=\"wp-block-uagb-info-box uagb-block-620f6d21 uagb-infobox__content-wrap  uagb-infobox-icon-above-title uagb-infobox-image-valign-top\"><div class=\"uagb-ifb-content\"><div class=\"uagb-ifb-title-wrap\"><p class=\"uagb-ifb-title\">Inscrivez-vous d\u00e8s aujourd&rsquo;hui et commencez votre voyage cr\u00e9atif avec Utopia.<\/p><\/div><div class=\"uagb-ifb-button-wrapper wp-block-button\"><a href=\"https:\/\/utopiahaiti.com\/?page_id=367\" class=\"uagb-infobox-cta-link wp-block-button__link\" target=\"_self\" rel=\"noopener noreferrer\" onclick=\"return true;\"><span class=\"uagb-inline-editing\">Commencer maintenant<\/span><\/a><\/div><\/div><\/div>\n<\/div><\/div>\n\n\n\n<p><\/p>\n","protected":false},"excerpt":{"rendered":"<p>A propos Apprends. Pratique. Progresse. Deviens cin\u00e9aste. C\u2019est une formation claire, structur\u00e9e, pratico-pratique, pens\u00e9e pour ceux qui veulentcr\u00e9er desvid\u00e9os PRO [&hellip;]<\/p>\n","protected":false},"author":1,"featured_media":0,"parent":0,"menu_order":0,"comment_status":"closed","ping_status":"closed","template":"","meta":{"_uag_custom_page_level_css":"","site-sidebar-layout":"default","site-content-layout":"","ast-site-content-layout":"default","site-content-style":"default","site-sidebar-style":"default","ast-global-header-display":"","ast-banner-title-visibility":"","ast-main-header-display":"","ast-hfb-above-header-display":"","ast-hfb-below-header-display":"","ast-hfb-mobile-header-display":"","site-post-title":"disabled","ast-breadcrumbs-content":"","ast-featured-img":"","footer-sml-layout":"","ast-disable-related-posts":"","theme-transparent-header-meta":"enabled","adv-header-id-meta":"","stick-header-meta":"","header-above-stick-meta":"","header-main-stick-meta":"","header-below-stick-meta":"","astra-migrate-meta-layouts":"default","ast-page-background-enabled":"default","ast-page-background-meta":{"desktop":{"background-color":"var(--ast-global-color-4)","background-image":"","background-repeat":"repeat","background-position":"center center","background-size":"auto","background-attachment":"scroll","background-type":"","background-media":"","overlay-type":"","overlay-color":"","overlay-opacity":"","overlay-gradient":""},"tablet":{"background-color":"","background-image":"","background-repeat":"repeat","background-position":"center center","background-size":"auto","background-attachment":"scroll","background-type":"","background-media":"","overlay-type":"","overlay-color":"","overlay-opacity":"","overlay-gradient":""},"mobile":{"background-color":"","background-image":"","background-repeat":"repeat","background-position":"center center","background-size":"auto","background-attachment":"scroll","background-type":"","background-media":"","overlay-type":"","overlay-color":"","overlay-opacity":"","overlay-gradient":""}},"ast-content-background-meta":{"desktop":{"background-color":"var(--ast-global-color-5)","background-image":"","background-repeat":"repeat","background-position":"center center","background-size":"auto","background-attachment":"scroll","background-type":"","background-media":"","overlay-type":"","overlay-color":"","overlay-opacity":"","overlay-gradient":""},"tablet":{"background-color":"var(--ast-global-color-5)","background-image":"","background-repeat":"repeat","background-position":"center center","background-size":"auto","background-attachment":"scroll","background-type":"","background-media":"","overlay-type":"","overlay-color":"","overlay-opacity":"","overlay-gradient":""},"mobile":{"background-color":"var(--ast-global-color-5)","background-image":"","background-repeat":"repeat","background-position":"center center","background-size":"auto","background-attachment":"scroll","background-type":"","background-media":"","overlay-type":"","overlay-color":"","overlay-opacity":"","overlay-gradient":""}},"_jet_sm_ready_style":"","_jet_sm_style":"","_jet_sm_controls_values":"","_jet_sm_fonts_collection":"","_jet_sm_fonts_links":"","footnotes":""},"class_list":["post-206","page","type-page","status-publish","hentry"],"_hostinger_reach_plugin_has_subscription_block":false,"_hostinger_reach_plugin_is_elementor":false,"uagb_featured_image_src":{"full":false,"thumbnail":false,"medium":false,"medium_large":false,"large":false,"1536x1536":false,"2048x2048":false},"uagb_author_info":{"display_name":"","author_link":"https:\/\/utopiahaiti.com\/?author=1"},"uagb_comment_info":0,"uagb_excerpt":"A propos Apprends. Pratique. Progresse. Deviens cin\u00e9aste. C\u2019est une formation claire, structur\u00e9e, pratico-pratique, pens\u00e9e pour ceux qui veulentcr\u00e9er desvid\u00e9os PRO [&hellip;]","_links":{"self":[{"href":"https:\/\/utopiahaiti.com\/index.php?rest_route=\/wp\/v2\/pages\/206","targetHints":{"allow":["GET"]}}],"collection":[{"href":"https:\/\/utopiahaiti.com\/index.php?rest_route=\/wp\/v2\/pages"}],"about":[{"href":"https:\/\/utopiahaiti.com\/index.php?rest_route=\/wp\/v2\/types\/page"}],"author":[{"embeddable":true,"href":"https:\/\/utopiahaiti.com\/index.php?rest_route=\/wp\/v2\/users\/1"}],"replies":[{"embeddable":true,"href":"https:\/\/utopiahaiti.com\/index.php?rest_route=%2Fwp%2Fv2%2Fcomments&post=206"}],"version-history":[{"count":24,"href":"https:\/\/utopiahaiti.com\/index.php?rest_route=\/wp\/v2\/pages\/206\/revisions"}],"predecessor-version":[{"id":665,"href":"https:\/\/utopiahaiti.com\/index.php?rest_route=\/wp\/v2\/pages\/206\/revisions\/665"}],"wp:attachment":[{"href":"https:\/\/utopiahaiti.com\/index.php?rest_route=%2Fwp%2Fv2%2Fmedia&parent=206"}],"curies":[{"name":"wp","href":"https:\/\/api.w.org\/{rel}","templated":true}]}}