{"id":205,"date":"2025-12-08T06:15:36","date_gmt":"2025-12-08T06:15:36","guid":{"rendered":"http:\/\/utopia.local\/home-2\/"},"modified":"2026-02-03T21:44:36","modified_gmt":"2026-02-03T21:44:36","slug":"home-2","status":"publish","type":"page","link":"https:\/\/utopiahaiti.com\/","title":{"rendered":"Home"},"content":{"rendered":"\n<div class=\"wp-block-uagb-container uagb-layout-flex uagb-block-df2ea6af alignwide uagb-is-root-container\">\n<div class=\"wp-block-columns is-layout-flex wp-container-core-columns-is-layout-28f84493 wp-block-columns-is-layout-flex\">\n<div class=\"wp-block-column is-layout-flow wp-block-column-is-layout-flow\" style=\"flex-basis:100%\">\n<div class=\"wp-block-uagb-advanced-heading uagb-block-4f80ab23\"><h1 class=\"uagb-heading-text\">Utopia Filmmaking Workshop<\/h1><\/div>\n\n\n\n<div class=\"wp-block-buttons alignwide is-content-justification-center is-layout-flex wp-container-core-buttons-is-layout-b5994976 wp-block-buttons-is-layout-flex\">\n<div class=\"wp-block-button\"><a class=\"wp-block-button__link has-ast-global-color-0-color has-ast-global-color-2-background-color has-text-color has-background has-link-color has-text-align-center wp-element-button\" href=\"https:\/\/utopiahaiti.com\/?page_id=705\">Commencer<\/a><\/div>\n<\/div>\n<\/div>\n<\/div>\n<\/div>\n\n\n\n<div class=\"wp-block-uagb-image uagb-block-81e5c2d6 wp-block-uagb-image--layout-default wp-block-uagb-image--effect-static wp-block-uagb-image--align-none uag-blocks-common-selector\" style=\"--z-index-desktop:1;;--z-index-tablet:undefined;;--z-index-mobile:undefined;\"><figure class=\"wp-block-uagb-image__figure\"><img decoding=\"async\" srcset=\"https:\/\/utopiahaiti.com\/wp-content\/uploads\/2025\/12\/4k--1024x576.jpg ,https:\/\/utopiahaiti.com\/wp-content\/uploads\/2025\/12\/4k--scaled.jpg 780w, https:\/\/utopiahaiti.com\/wp-content\/uploads\/2025\/12\/4k--scaled.jpg 360w\" sizes=\"auto, (max-width: 480px) 150px\" src=\"https:\/\/utopiahaiti.com\/wp-content\/uploads\/2025\/12\/4k--1024x576.jpg\" alt=\"4k 1024x576\" class=\"uag-image-347\" width=\"936\" height=\"500\" title=\"4k\" loading=\"lazy\" role=\"img\"><\/figure><\/div>\n\n\n\n<div class=\"wp-block-columns is-layout-flex wp-container-core-columns-is-layout-28f84493 wp-block-columns-is-layout-flex\">\n<div class=\"wp-block-column is-layout-flow wp-block-column-is-layout-flow\" style=\"flex-basis:100%\">\n<p><\/p>\n\n\n\n<div class=\"wp-block-uagb-advanced-heading uagb-block-18f9c9d9\"><h3 class=\"uagb-heading-text\">Con\u00e7ue pour<br>transformer ta passion en comp\u00e9tence.<\/h3><\/div>\n\n\n\n<p class=\"has-text-align-center\">Que tu sois d\u00e9butant ou d\u00e9j\u00e0 actif, tu apprendras \u00e0 ma\u00eetriser les bases du cin\u00e9ma :<br>cadrage, lumi\u00e8re, tournage, montage, storytelling, musique, color grading et m\u00eame<br>l\u2019aspect business pour trouver tes premiers clients.<\/p>\n<\/div>\n<\/div>\n\n\n\n<div class=\"wp-block-uagb-container uagb-block-83548667 alignfull uagb-is-root-container\"><div class=\"uagb-container-inner-blocks-wrap\">\n<div class=\"wp-block-uagb-advanced-heading uagb-block-e0cb5439\"><p class=\"uagb-heading-text\">Pourquoi choisir Utopia ?<\/p><div class=\"uagb-separator\"><\/div><\/div>\n\n\n\n<div class=\"wp-block-uagb-advanced-heading uagb-block-8206bff7\"><h3 class=\"uagb-heading-text\">Pourquoi Utopia ?<\/h3><\/div>\n\n\n\n<div class=\"wp-block-uagb-container uagb-layout-grid uagb-block-ac52fa34\">\n<div class=\"wp-block-uagb-image uagb-block-b9c7f8af wp-block-uagb-image--layout-default wp-block-uagb-image--effect-static wp-block-uagb-image--align-none\"><figure class=\"wp-block-uagb-image__figure\"><img decoding=\"async\" srcset=\"https:\/\/utopiahaiti.com\/wp-content\/uploads\/2025\/12\/IMG_0080-1-683x1024.jpg ,https:\/\/utopiahaiti.com\/wp-content\/uploads\/2025\/12\/IMG_0080-1-scaled.jpg 780w, https:\/\/utopiahaiti.com\/wp-content\/uploads\/2025\/12\/IMG_0080-1-scaled.jpg 360w\" sizes=\"auto, (max-width: 480px) 150px\" src=\"https:\/\/utopiahaiti.com\/wp-content\/uploads\/2025\/12\/IMG_0080-1-683x1024.jpg\" alt=\"IMG 0080 1 683x1024\" class=\"uag-image-340\" width=\"700\" height=\"470\" title=\"IMG_0080\" loading=\"lazy\" role=\"img\"><\/figure><\/div>\n\n\n\n<div class=\"wp-block-uagb-container uagb-block-45ff912f\">\n<div class=\"wp-block-uagb-container uagb-layout-grid uagb-block-8e62ac0a\">\n<div class=\"wp-block-uagb-advanced-heading uagb-block-b8e76fe9\"><h2 class=\"uagb-heading-text\">01<\/h2><\/div>\n\n\n\n<div class=\"wp-block-uagb-advanced-heading uagb-block-45c96698\"><h4 class=\"uagb-heading-text\">M\u00e9thode structur\u00e9e et orient\u00e9e r\u00e9sultats<\/h4><p class=\"uagb-desc-text\">Une p\u00e9dagogie rigoureuse con\u00e7ue pour mener chaque participant vers des productions ma\u00eetris\u00e9es et coh\u00e9rentes.<\/p><\/div>\n<\/div>\n\n\n\n<div class=\"wp-block-uagb-container uagb-layout-grid uagb-block-817552aa\">\n<div class=\"wp-block-uagb-advanced-heading uagb-block-90bf524c\"><h2 class=\"uagb-heading-text\">02<\/h2><\/div>\n\n\n\n<div class=\"wp-block-uagb-advanced-heading uagb-block-d813235b\"><h4 class=\"uagb-heading-text\">Exercices compatibles mobile et \u00e9quipement professionnel<\/h4><p class=\"uagb-desc-text\">Des protocoles p\u00e9dagogiques applicables aussi bien sur smartphone que sur mat\u00e9riel de tournage avanc\u00e9.<\/p><\/div>\n<\/div>\n\n\n\n<div class=\"wp-block-uagb-container uagb-layout-grid uagb-block-17fe0173\">\n<div class=\"wp-block-uagb-advanced-heading uagb-block-ce016323\"><h2 class=\"uagb-heading-text\">03<\/h2><\/div>\n\n\n\n<div class=\"wp-block-uagb-advanced-heading uagb-block-02f65ca8\"><h4 class=\"uagb-heading-text\">Communaut\u00e9 d\u2019auteurs et accompagnement personnalis\u00e9<\/h4><p class=\"uagb-desc-text\">Un cadre d\u2019\u00e9change professionnel favorisant l\u2019analyse critique et le perfectionnement individuel.<\/p><\/div>\n<\/div>\n\n\n\n<div class=\"wp-block-uagb-container uagb-layout-grid uagb-block-7d4d6359\">\n<div class=\"wp-block-uagb-advanced-heading uagb-block-c5dde8a5\"><h2 class=\"uagb-heading-text\">04<\/h2><\/div>\n\n\n\n<div class=\"wp-block-uagb-advanced-heading uagb-block-0dd97623\"><h4 class=\"uagb-heading-text\">Production professionnelle de projets \u00e0 fort impact<\/h4><p class=\"uagb-desc-text\">Un encadrement m\u00e9thodique pour d\u00e9velopper, produire et finaliser des \u0153uvres \u00e0 port\u00e9e narrative et sociale.<\/p><\/div>\n<\/div>\n\n\n\n<div class=\"wp-block-uagb-container uagb-layout-grid uagb-block-78fbfab3\">\n<div class=\"wp-block-uagb-advanced-heading uagb-block-db61aa38\"><h2 class=\"uagb-heading-text\">05<\/h2><\/div>\n\n\n\n<div class=\"wp-block-uagb-advanced-heading uagb-block-37613d6c\"><h4 class=\"uagb-heading-text\">Captation a\u00e9rienne \u00e0 rendu cin\u00e9matographique<\/h4><p class=\"uagb-desc-text\">Une formation d\u00e9di\u00e9e \u00e0 l\u2019image drone, int\u00e9gr\u00e9e comme un langage visuel \u00e0 part enti\u00e8re.<\/p><\/div>\n<\/div>\n<\/div>\n<\/div>\n<\/div><\/div>\n\n\n\n<div class=\"wp-block-uagb-container uagb-block-65effa8e alignfull uagb-is-root-container\"><div class=\"uagb-container-inner-blocks-wrap\">\n<div class=\"wp-block-uagb-info-box uagb-block-091c583e uagb-infobox__content-wrap  uagb-infobox-icon-above-title uagb-infobox-image-valign-top\"><div class=\"uagb-ifb-content\"><div class=\"uagb-ifb-title-wrap\"><h2 class=\"uagb-ifb-title\">Rejoignez notre communaut\u00e9 d&rsquo;apprenants d\u00e8s aujourd&rsquo;hui !<\/h2><\/div><p class=\"uagb-ifb-desc\">Explorez nos cours et d\u00e9couvrez votre potentiel cr\u00e9atif avec Utopia.<\/p><div class=\"uagb-ifb-button-wrapper wp-block-button\"><a href=\"https:\/\/utopiahaiti.com\/?page_id=367\" class=\"uagb-infobox-cta-link wp-block-button__link\" target=\"_self\" rel=\"noopener noreferrer\" onclick=\"return true;\"><span class=\"uagb-inline-editing\">Commencer maintenant<\/span><\/a><\/div><\/div><\/div>\n<\/div><\/div>\n\n\n\n<div class=\"wp-block-uagb-container uagb-block-585a2e04 alignfull uagb-is-root-container\"><div class=\"uagb-container-inner-blocks-wrap\">\n<div class=\"wp-block-uagb-advanced-heading uagb-block-88971b21\"><p class=\"uagb-heading-text\">T\u00e9moignages<\/p><div class=\"uagb-separator\"><\/div><\/div>\n\n\n\n<div class=\"wp-block-uagb-container uagb-layout-grid uagb-block-ed920848\">\n<div class=\"wp-block-uagb-advanced-heading uagb-block-a7ca570d\"><h3 class=\"uagb-heading-text\">Ce que nos \u00e9tudiants disent de nous<\/h3><\/div>\n\n\n\n<div class=\"wp-block-uagb-container uagb-block-5627342a\">\n<div class=\"wp-block-uagb-container uagb-layout-grid uagb-block-371000e3\">\n<div class=\"wp-block-uagb-image alignleft uagb-block-f27c3b15 wp-block-uagb-image--layout-default wp-block-uagb-image--effect-static wp-block-uagb-image--align-left\"><figure class=\"wp-block-uagb-image__figure\"><img decoding=\"async\" srcset=\"https:\/\/utopiahaiti.com\/wp-content\/uploads\/2025\/12\/P.Mylovea-947x1024.png ,https:\/\/utopiahaiti.com\/wp-content\/uploads\/2025\/12\/P.Mylovea.png 780w, https:\/\/utopiahaiti.com\/wp-content\/uploads\/2025\/12\/P.Mylovea.png 360w\" sizes=\"auto, (max-width: 480px) 150px\" src=\"https:\/\/utopiahaiti.com\/wp-content\/uploads\/2025\/12\/P.Mylovea-947x1024.png\" alt=\"P.Mylovea 947x1024\" class=\"uag-image-331\" width=\"100\" height=\"100\" title=\"P.Mylovea\" loading=\"lazy\" role=\"img\"><\/figure><\/div>\n\n\n\n<div class=\"wp-block-uagb-advanced-heading uagb-block-cd070e4e\"><p class=\"uagb-heading-text\">\u00ab Formation claire, pratique et transformative. \u00bb<\/p><p class=\"uagb-desc-text\">    P. Mylovea<\/p><\/div>\n<\/div>\n\n\n\n<div class=\"wp-block-uagb-container uagb-layout-grid uagb-block-eb5f4682\">\n<div class=\"wp-block-uagb-image alignleft uagb-block-3ab59835 wp-block-uagb-image--layout-default wp-block-uagb-image--effect-static wp-block-uagb-image--align-left\"><figure class=\"wp-block-uagb-image__figure\"><img decoding=\"async\" srcset=\"https:\/\/utopiahaiti.com\/wp-content\/uploads\/2025\/12\/P.Richard-879x1024.png ,https:\/\/utopiahaiti.com\/wp-content\/uploads\/2025\/12\/P.Richard.png 780w, https:\/\/utopiahaiti.com\/wp-content\/uploads\/2025\/12\/P.Richard.png 360w\" sizes=\"auto, (max-width: 480px) 150px\" src=\"https:\/\/utopiahaiti.com\/wp-content\/uploads\/2025\/12\/P.Richard-879x1024.png\" alt=\"P.Richard 879x1024\" class=\"uag-image-332\" width=\"100\" height=\"100\" title=\"P.Richard\" loading=\"lazy\" role=\"img\"><\/figure><\/div>\n\n\n\n<div class=\"wp-block-uagb-advanced-heading uagb-block-245fb4a5\"><p class=\"uagb-heading-text\">\u00ab J\u2019ai pu r\u00e9ussir a me perfectionner malgr\u00e9 mes exp\u00e9riences. \u00bb<\/p><p class=\"uagb-desc-text\">   P. Richard<\/p><\/div>\n<\/div>\n\n\n\n<div class=\"wp-block-uagb-container uagb-layout-grid uagb-block-e2664f01\">\n<div class=\"wp-block-uagb-image alignleft uagb-block-400d846b wp-block-uagb-image--layout-default wp-block-uagb-image--effect-static wp-block-uagb-image--align-left\"><figure class=\"wp-block-uagb-image__figure\"><img decoding=\"async\" srcset=\"https:\/\/utopiahaiti.com\/wp-content\/uploads\/2025\/12\/D.Junior-941x1024.png ,https:\/\/utopiahaiti.com\/wp-content\/uploads\/2025\/12\/D.Junior.png 780w, https:\/\/utopiahaiti.com\/wp-content\/uploads\/2025\/12\/D.Junior.png 360w\" sizes=\"auto, (max-width: 480px) 150px\" src=\"https:\/\/utopiahaiti.com\/wp-content\/uploads\/2025\/12\/D.Junior-941x1024.png\" alt=\"D.Junior 941x1024\" class=\"uag-image-333\" width=\"100\" height=\"100\" title=\"D.Junior\" loading=\"lazy\" role=\"img\"><\/figure><\/div>\n\n\n\n<div class=\"wp-block-uagb-advanced-heading uagb-block-8c307fb4\"><p class=\"uagb-heading-text\">\u00ab Le module Aspect client a succit\u00e9 en moi l\u2019importance du r\u00e9seautage. \u00bb<\/p><p class=\"uagb-desc-text\">    D. Junior<\/p><\/div>\n<\/div>\n<\/div>\n<\/div>\n<\/div><\/div>\n\n\n\n<div class=\"wp-block-uagb-container uagb-layout-grid uagb-block-29a0aaa8 alignfull uagb-is-root-container\"><div class=\"uagb-container-inner-blocks-wrap\">\n<div class=\"wp-block-uagb-advanced-heading uagb-block-42bca5dd\"><div class=\"uagb-separator\"><\/div><h2 class=\"uagb-heading-text\">Ne manquez pas l&rsquo;opportunit\u00e9 d&rsquo;apprendre !<\/h2><\/div>\n\n\n\n<div class=\"wp-block-uagb-info-box uagb-block-620f6d21 uagb-infobox__content-wrap  uagb-infobox-icon-above-title uagb-infobox-image-valign-top\"><div class=\"uagb-ifb-content\"><div class=\"uagb-ifb-title-wrap\"><p class=\"uagb-ifb-title\">Inscrivez-vous d\u00e8s aujourd&rsquo;hui et commencez votre voyage cr\u00e9atif avec Utopia.<\/p><\/div><div class=\"uagb-ifb-button-wrapper wp-block-button\"><a href=\"https:\/\/utopiahaiti.com\/?page_id=367\" class=\"uagb-infobox-cta-link wp-block-button__link\" target=\"_self\" rel=\"noopener noreferrer\" onclick=\"return true;\"><span class=\"uagb-inline-editing\">Commencer maintenant<\/span><\/a><\/div><\/div><\/div>\n<\/div><\/div>\n\n\n\n<p><\/p>\n","protected":false},"excerpt":{"rendered":"<p>Utopia Filmmaking Workshop Con\u00e7ue pourtransformer ta passion en comp\u00e9tence. Que tu sois d\u00e9butant ou d\u00e9j\u00e0 actif, tu apprendras \u00e0 ma\u00eetriser [&hellip;]<\/p>\n","protected":false},"author":1,"featured_media":0,"parent":0,"menu_order":0,"comment_status":"closed","ping_status":"closed","template":"","meta":{"_uag_custom_page_level_css":"","site-sidebar-layout":"default","site-content-layout":"","ast-site-content-layout":"default","site-content-style":"default","site-sidebar-style":"default","ast-global-header-display":"","ast-banner-title-visibility":"","ast-main-header-display":"","ast-hfb-above-header-display":"","ast-hfb-below-header-display":"","ast-hfb-mobile-header-display":"","site-post-title":"disabled","ast-breadcrumbs-content":"","ast-featured-img":"","footer-sml-layout":"","ast-disable-related-posts":"","theme-transparent-header-meta":"enabled","adv-header-id-meta":"","stick-header-meta":"","header-above-stick-meta":"","header-main-stick-meta":"","header-below-stick-meta":"","astra-migrate-meta-layouts":"default","ast-page-background-enabled":"default","ast-page-background-meta":{"desktop":{"background-color":"var(--ast-global-color-4)","background-image":"","background-repeat":"repeat","background-position":"center center","background-size":"auto","background-attachment":"scroll","background-type":"","background-media":"","overlay-type":"","overlay-color":"","overlay-opacity":"","overlay-gradient":""},"tablet":{"background-color":"","background-image":"","background-repeat":"repeat","background-position":"center center","background-size":"auto","background-attachment":"scroll","background-type":"","background-media":"","overlay-type":"","overlay-color":"","overlay-opacity":"","overlay-gradient":""},"mobile":{"background-color":"","background-image":"","background-repeat":"repeat","background-position":"center center","background-size":"auto","background-attachment":"scroll","background-type":"","background-media":"","overlay-type":"","overlay-color":"","overlay-opacity":"","overlay-gradient":""}},"ast-content-background-meta":{"desktop":{"background-color":"var(--ast-global-color-5)","background-image":"","background-repeat":"repeat","background-position":"center center","background-size":"auto","background-attachment":"scroll","background-type":"","background-media":"","overlay-type":"","overlay-color":"","overlay-opacity":"","overlay-gradient":""},"tablet":{"background-color":"var(--ast-global-color-5)","background-image":"","background-repeat":"repeat","background-position":"center center","background-size":"auto","background-attachment":"scroll","background-type":"","background-media":"","overlay-type":"","overlay-color":"","overlay-opacity":"","overlay-gradient":""},"mobile":{"background-color":"var(--ast-global-color-5)","background-image":"","background-repeat":"repeat","background-position":"center center","background-size":"auto","background-attachment":"scroll","background-type":"","background-media":"","overlay-type":"","overlay-color":"","overlay-opacity":"","overlay-gradient":""}},"_jet_sm_ready_style":"","_jet_sm_style":"","_jet_sm_controls_values":"","_jet_sm_fonts_collection":"","_jet_sm_fonts_links":"","footnotes":""},"class_list":["post-205","page","type-page","status-publish","hentry"],"_hostinger_reach_plugin_has_subscription_block":false,"_hostinger_reach_plugin_is_elementor":false,"uagb_featured_image_src":{"full":false,"thumbnail":false,"medium":false,"medium_large":false,"large":false,"1536x1536":false,"2048x2048":false},"uagb_author_info":{"display_name":"","author_link":"https:\/\/utopiahaiti.com\/?author=1"},"uagb_comment_info":0,"uagb_excerpt":"Utopia Filmmaking Workshop Con\u00e7ue pourtransformer ta passion en comp\u00e9tence. Que tu sois d\u00e9butant ou d\u00e9j\u00e0 actif, tu apprendras \u00e0 ma\u00eetriser [&hellip;]","_links":{"self":[{"href":"https:\/\/utopiahaiti.com\/index.php?rest_route=\/wp\/v2\/pages\/205","targetHints":{"allow":["GET"]}}],"collection":[{"href":"https:\/\/utopiahaiti.com\/index.php?rest_route=\/wp\/v2\/pages"}],"about":[{"href":"https:\/\/utopiahaiti.com\/index.php?rest_route=\/wp\/v2\/types\/page"}],"author":[{"embeddable":true,"href":"https:\/\/utopiahaiti.com\/index.php?rest_route=\/wp\/v2\/users\/1"}],"replies":[{"embeddable":true,"href":"https:\/\/utopiahaiti.com\/index.php?rest_route=%2Fwp%2Fv2%2Fcomments&post=205"}],"version-history":[{"count":57,"href":"https:\/\/utopiahaiti.com\/index.php?rest_route=\/wp\/v2\/pages\/205\/revisions"}],"predecessor-version":[{"id":721,"href":"https:\/\/utopiahaiti.com\/index.php?rest_route=\/wp\/v2\/pages\/205\/revisions\/721"}],"wp:attachment":[{"href":"https:\/\/utopiahaiti.com\/index.php?rest_route=%2Fwp%2Fv2%2Fmedia&parent=205"}],"curies":[{"name":"wp","href":"https:\/\/api.w.org\/{rel}","templated":true}]}}